{"id":2569,"date":"2024-12-08T18:49:05","date_gmt":"2024-12-08T17:49:05","guid":{"rendered":"https:\/\/info.hillsong.se\/?page_id=2569"},"modified":"2025-11-21T17:36:39","modified_gmt":"2025-11-21T16:36:39","slug":"nyar-2025-2026","status":"publish","type":"page","link":"https:\/\/hillsong.se\/en\/nyar-2025-2026\/","title":{"rendered":"Ny\u00e5r 2025 \/ 2026"},"content":{"rendered":"","protected":false},"excerpt":{"rendered":"","protected":false},"author":1,"featured_media":0,"parent":0,"menu_order":0,"comment_status":"closed","ping_status":"closed","template":"","meta":{"_acf_changed":false,"inline_featured_image":false,"footnotes":""},"class_list":["post-2569","page","type-page","status-publish","hentry"],"acf":{"header_style":"Light","faq":[{"question":"VAR SKER L\u00c4GRET?","answer":"<p>L\u00e4gret \u00e4ger rum i Stockholm i v\u00e5rt Norra Campus (Cederstr\u00f6ms Slinga 8) som bas.<\/p>\n","are_there_images":false,"answer_images":false},{"question":"VILKA DAGAR \u00c4R L\u00c4GRET?","answer":"<p>Tisdag 30 December &#8211; torsdag 1 januari<\/p>\n","are_there_images":false,"answer_images":false},{"question":"VAD KOSTAR DET?","answer":"<p>Grundkostnaden f\u00f6r dagarna \u00e4r: <strong><span style=\"color: #ff0000;\">400 kr<\/span><\/strong><\/p>\n<p>I kostnaden ing\u00e5r logi, samtliga m\u00e5ltider, festmiddag samt deltagande p\u00e5 alla m\u00f6ten och aktiviteter. F\u00f6r de som reser fr\u00e5n andra campus med anordnad buss av oss tillkommer rese-kostnad.<\/p>\n<p>G\u00f6teborg &#8211; 250 kr<br \/>\nJkpg &#8211; 250 kr<br \/>\n\u00d6rebro &#8211; 150 kr<\/p>\n<p>Betalning sker p\u00e5 plats p\u00e5 buss f\u00f6r inresande, och p\u00e5 plats via Swish\/kortbetalning.<\/p>\n","are_there_images":false,"answer_images":false},{"question":"VAD G\u00c4LLER F\u00d6R TRANSPORT? ","answer":"<p>Om du kommer fr\u00e5n Stockholm ansvarar du f\u00f6r egen transport fr\u00e5n och till l\u00e4gret. Tillresande campus kommer sam\u00e5ka, kontakta din lokala ungdomsledare f\u00f6r mer information. Det kommer g\u00e5 en buss fr\u00e5n G\u00f6teborg och \u00d6rebro med begr\u00e4nsat antal platser. Anm\u00e4l dig i tid f\u00f6r att s\u00e4kra din plats.<\/p>\n","are_there_images":false,"answer_images":false},{"question":"HUR SOVER MAN?","answer":"<p>Tjejer och killar sover uppdelat.<\/p>\n<p>Tjejer &#8211; Sover i v\u00e5rt Norra Campus p\u00e5 medtagen madrass<\/p>\n<p>Killar &#8211; Sover p\u00e5 skola ca 10 min fr\u00e5n Norra p\u00e5 medtagen madrass. Vi ansvarar f\u00f6r transport mellan sovsal och Norra.<\/p>\n","are_there_images":false,"answer_images":false},{"question":"KAN MAN VARA MED \u00c4VEN OM MAN INTE \u00c4R MED I HILLSONG?","answer":"<p>Sj\u00e4lvklart, l\u00e4gret \u00e4r \u00f6ppet f\u00f6r alla som vill, 13-19 \u00e5r.<\/p>\n","are_there_images":false,"answer_images":false},{"question":"FINNS DUSCH?","answer":"<p>Sj\u00e4lvklart! B\u00e5de f\u00f6r tjejer och killar!<\/p>\n","are_there_images":false,"answer_images":false},{"question":"VAD BEH\u00d6VER JAG HA MED MIG?","answer":"<p>Vid anm\u00e4lan f\u00e5r du en tydlig packlista, men n\u00e5gra saker som \u00e4r bra att ha med:<\/p>\n<ul>\n<li>Madrass, sovs\u00e4ck \/ det du \u00f6nskar sova p\u00e5<\/li>\n<li>Hygienartiklar, tandborste, deo m.m.<\/li>\n<li>Laddare<\/li>\n<li>Bibel<\/li>\n<li>Finare ombyte till festkv\u00e4ll (valfritt s\u00e5klart)<\/li>\n<li>O\u00f6mma kl\u00e4der till aktiviteter<\/li>\n<\/ul>\n","are_there_images":false,"answer_images":false},{"question":"JAG \u00c4R NYFIKEN, VAD \u00c4R N\u00c5GRA SAKER SOM FINNS \/ KOMMER H\u00c4NDA?","answer":"<p>Sv\u00e5rt att v\u00e4lja n\u00e5gra saker&#8230;<\/p>\n<ul>\n<li>Tribal Wars Area<\/li>\n<li>Festmiddag med tema &#8220;Met Gala&#8221;<\/li>\n<li>M\u00f6ten med predikan, lovs\u00e5ng<\/li>\n<li>Lugnare rum<\/li>\n<li>Kiosk<\/li>\n<li>Dansgolv<\/li>\n<li>Bible Study<\/li>\n<\/ul>\n","are_there_images":false,"answer_images":false}]},"yoast_head":"<!-- This site is optimized with the Yoast SEO plugin v27.5 - https:\/\/yoast.com\/product\/yoast-seo-wordpress\/ -->\n<title>Ny\u00e5r 2025 \/ 2026 - Hillsong Sweden<\/title>\n<meta name=\"robots\" content=\"index, follow, max-snippet:-1, max-image-preview:large, max-video-preview:-1\" \/>\n<link rel=\"canonical\" href=\"https:\/\/hillsong.se\/en\/nyar-2025-2026\/\" \/>\n<meta property=\"og:locale\" content=\"en_GB\" \/>\n<meta property=\"og:type\" content=\"article\" \/>\n<meta property=\"og:title\" content=\"Ny\u00e5r 2025 \/ 2026 - Hillsong Sweden\" \/>\n<meta property=\"og:url\" content=\"https:\/\/hillsong.se\/en\/nyar-2025-2026\/\" \/>\n<meta property=\"og:site_name\" content=\"Hillsong Sweden\" \/>\n<meta property=\"article:publisher\" content=\"https:\/\/www.facebook.com\/Hillsongsweden\" \/>\n<meta property=\"article:modified_time\" content=\"2025-11-21T16:36:39+00:00\" \/>\n<meta property=\"og:image\" content=\"https:\/\/hillsong.se\/wp-content\/uploads\/2025\/11\/nyar.webp\" \/>\n\t<meta property=\"og:image:width\" content=\"1920\" \/>\n\t<meta property=\"og:image:height\" content=\"1080\" \/>\n\t<meta property=\"og:image:type\" content=\"image\/webp\" \/>\n<meta name=\"twitter:card\" content=\"summary_large_image\" \/>\n<meta name=\"twitter:label1\" content=\"Estimated reading time\" \/>\n\t<meta name=\"twitter:data1\" content=\"3 minutes\" \/>\n<script type=\"application\/ld+json\" class=\"yoast-schema-graph\">{\"@context\":\"https:\\\/\\\/schema.org\",\"@graph\":[{\"@type\":\"WebPage\",\"@id\":\"https:\\\/\\\/hillsong.se\\\/nyar-2025-2026\\\/\",\"url\":\"https:\\\/\\\/hillsong.se\\\/nyar-2025-2026\\\/\",\"name\":\"Ny\u00e5r 2025 \\\/ 2026 - Hillsong Sweden\",\"isPartOf\":{\"@id\":\"https:\\\/\\\/hillsong.se\\\/#website\"},\"datePublished\":\"2024-12-08T17:49:05+00:00\",\"dateModified\":\"2025-11-21T16:36:39+00:00\",\"breadcrumb\":{\"@id\":\"https:\\\/\\\/hillsong.se\\\/nyar-2025-2026\\\/#breadcrumb\"},\"inLanguage\":\"en-GB\",\"potentialAction\":[{\"@type\":\"ReadAction\",\"target\":[\"https:\\\/\\\/hillsong.se\\\/nyar-2025-2026\\\/\"]}]},{\"@type\":\"BreadcrumbList\",\"@id\":\"https:\\\/\\\/hillsong.se\\\/nyar-2025-2026\\\/#breadcrumb\",\"itemListElement\":[{\"@type\":\"ListItem\",\"position\":1,\"name\":\"Home\",\"item\":\"https:\\\/\\\/hillsong.se\\\/\"},{\"@type\":\"ListItem\",\"position\":2,\"name\":\"Ny\u00e5r 2025 \\\/ 2026\"}]},{\"@type\":\"WebSite\",\"@id\":\"https:\\\/\\\/hillsong.se\\\/#website\",\"url\":\"https:\\\/\\\/hillsong.se\\\/\",\"name\":\"Hillsong Sweden\",\"description\":\"Welcome Home\",\"publisher\":{\"@id\":\"https:\\\/\\\/hillsong.se\\\/#organization\"},\"potentialAction\":[{\"@type\":\"SearchAction\",\"target\":{\"@type\":\"EntryPoint\",\"urlTemplate\":\"https:\\\/\\\/hillsong.se\\\/?s={search_term_string}\"},\"query-input\":{\"@type\":\"PropertyValueSpecification\",\"valueRequired\":true,\"valueName\":\"search_term_string\"}}],\"inLanguage\":\"en-GB\"},{\"@type\":\"Organization\",\"@id\":\"https:\\\/\\\/hillsong.se\\\/#organization\",\"name\":\"Hillsong Church Sweden\",\"url\":\"https:\\\/\\\/hillsong.se\\\/\",\"logo\":{\"@type\":\"ImageObject\",\"inLanguage\":\"en-GB\",\"@id\":\"https:\\\/\\\/hillsong.se\\\/#\\\/schema\\\/logo\\\/image\\\/\",\"url\":\"https:\\\/\\\/hillsong.se\\\/wp-content\\\/uploads\\\/2024\\\/05\\\/Hillsong_H_Sweden_S.png\",\"contentUrl\":\"https:\\\/\\\/hillsong.se\\\/wp-content\\\/uploads\\\/2024\\\/05\\\/Hillsong_H_Sweden_S.png\",\"width\":1274,\"height\":532,\"caption\":\"Hillsong Church Sweden\"},\"image\":{\"@id\":\"https:\\\/\\\/hillsong.se\\\/#\\\/schema\\\/logo\\\/image\\\/\"},\"sameAs\":[\"https:\\\/\\\/www.facebook.com\\\/Hillsongsweden\",\"https:\\\/\\\/www.instagram.com\\\/hillsongsweden\\\/\"]}]}<\/script>\n<!-- \/ Yoast SEO plugin. -->","yoast_head_json":{"title":"Ny\u00e5r 2025 \/ 2026 - Hillsong Sweden","robots":{"index":"index","follow":"follow","max-snippet":"max-snippet:-1","max-image-preview":"max-image-preview:large","max-video-preview":"max-video-preview:-1"},"canonical":"https:\/\/hillsong.se\/en\/nyar-2025-2026\/","og_locale":"en_GB","og_type":"article","og_title":"Ny\u00e5r 2025 \/ 2026 - Hillsong Sweden","og_url":"https:\/\/hillsong.se\/en\/nyar-2025-2026\/","og_site_name":"Hillsong Sweden","article_publisher":"https:\/\/www.facebook.com\/Hillsongsweden","article_modified_time":"2025-11-21T16:36:39+00:00","og_image":[{"width":1920,"height":1080,"url":"https:\/\/hillsong.se\/wp-content\/uploads\/2025\/11\/nyar.webp","type":"image\/webp"}],"twitter_card":"summary_large_image","twitter_misc":{"Estimated reading time":"3 minutes"},"schema":{"@context":"https:\/\/schema.org","@graph":[{"@type":"WebPage","@id":"https:\/\/hillsong.se\/nyar-2025-2026\/","url":"https:\/\/hillsong.se\/nyar-2025-2026\/","name":"Ny\u00e5r 2025 \/ 2026 - Hillsong Sweden","isPartOf":{"@id":"https:\/\/hillsong.se\/#website"},"datePublished":"2024-12-08T17:49:05+00:00","dateModified":"2025-11-21T16:36:39+00:00","breadcrumb":{"@id":"https:\/\/hillsong.se\/nyar-2025-2026\/#breadcrumb"},"inLanguage":"en-GB","potentialAction":[{"@type":"ReadAction","target":["https:\/\/hillsong.se\/nyar-2025-2026\/"]}]},{"@type":"BreadcrumbList","@id":"https:\/\/hillsong.se\/nyar-2025-2026\/#breadcrumb","itemListElement":[{"@type":"ListItem","position":1,"name":"Home","item":"https:\/\/hillsong.se\/"},{"@type":"ListItem","position":2,"name":"Ny\u00e5r 2025 \/ 2026"}]},{"@type":"WebSite","@id":"https:\/\/hillsong.se\/#website","url":"https:\/\/hillsong.se\/","name":"Hillsong Sweden","description":"Welcome Home","publisher":{"@id":"https:\/\/hillsong.se\/#organization"},"potentialAction":[{"@type":"SearchAction","target":{"@type":"EntryPoint","urlTemplate":"https:\/\/hillsong.se\/?s={search_term_string}"},"query-input":{"@type":"PropertyValueSpecification","valueRequired":true,"valueName":"search_term_string"}}],"inLanguage":"en-GB"},{"@type":"Organization","@id":"https:\/\/hillsong.se\/#organization","name":"Hillsong Church Sweden","url":"https:\/\/hillsong.se\/","logo":{"@type":"ImageObject","inLanguage":"en-GB","@id":"https:\/\/hillsong.se\/#\/schema\/logo\/image\/","url":"https:\/\/hillsong.se\/wp-content\/uploads\/2024\/05\/Hillsong_H_Sweden_S.png","contentUrl":"https:\/\/hillsong.se\/wp-content\/uploads\/2024\/05\/Hillsong_H_Sweden_S.png","width":1274,"height":532,"caption":"Hillsong Church Sweden"},"image":{"@id":"https:\/\/hillsong.se\/#\/schema\/logo\/image\/"},"sameAs":["https:\/\/www.facebook.com\/Hillsongsweden","https:\/\/www.instagram.com\/hillsongsweden\/"]}]}},"_links":{"self":[{"href":"https:\/\/hillsong.se\/en\/wp-json\/wp\/v2\/pages\/2569","targetHints":{"allow":["GET"]}}],"collection":[{"href":"https:\/\/hillsong.se\/en\/wp-json\/wp\/v2\/pages"}],"about":[{"href":"https:\/\/hillsong.se\/en\/wp-json\/wp\/v2\/types\/page"}],"author":[{"embeddable":true,"href":"https:\/\/hillsong.se\/en\/wp-json\/wp\/v2\/users\/1"}],"replies":[{"embeddable":true,"href":"https:\/\/hillsong.se\/en\/wp-json\/wp\/v2\/comments?post=2569"}],"version-history":[{"count":0,"href":"https:\/\/hillsong.se\/en\/wp-json\/wp\/v2\/pages\/2569\/revisions"}],"wp:attachment":[{"href":"https:\/\/hillsong.se\/en\/wp-json\/wp\/v2\/media?parent=2569"}],"curies":[{"name":"wp","href":"https:\/\/api.w.org\/{rel}","templated":true}]}}