{"id":2667,"date":"2025-01-29T10:52:55","date_gmt":"2025-01-29T09:52:55","guid":{"rendered":"https:\/\/info.hillsong.se\/?page_id=2667"},"modified":"2026-02-25T21:30:28","modified_gmt":"2026-02-25T20:30:28","slug":"sportlov","status":"publish","type":"page","link":"https:\/\/hillsong.se\/en\/sportlov\/","title":{"rendered":"Sportlov"},"content":{"rendered":"","protected":false},"excerpt":{"rendered":"","protected":false},"author":1,"featured_media":0,"parent":0,"menu_order":0,"comment_status":"closed","ping_status":"closed","template":"","meta":{"_acf_changed":false,"inline_featured_image":false,"footnotes":""},"class_list":["post-2667","page","type-page","status-publish","hentry"],"acf":{"header_style":"Light","stockholm_city":[{"group":"Kids","date":"Monday, 23 February","activity":"Laserdome","for_who":"Heroes 10-12 \u00e5r (\u00e5k 4-6)"},{"group":"Kids","date":"Wednesday, 25 February","activity":"JumpYard","for_who":"SuperHeroes (\u00e5k 1-6)"},{"group":"Kids","date":"Friday, 27 February","activity":"6:or \u00e4r p\u00e5 Youth","for_who":"6:or"},{"group":"Kids","date":"Saturday, 21 February","activity":"City Care \/ Familjefest","for_who":"Families"},{"group":"Youth","date":"Tuesday, 24 February","activity":"Badhus - Actionbad","for_who":"H\u00f6gstadiet \u00e5k 7-9"},{"group":"Youth","date":"Tuesday, 24 February","activity":"Laserdome","for_who":"Gymnasiet \u00e5k 1-3"},{"group":"Youth","date":"Wednesday, 25 February","activity":"LAN","for_who":"Youth, 13-19 \u00e5r"},{"group":"Youth","date":"Thursday, 26 February","activity":"Late Night Cafe","for_who":"Youth, 13-19 \u00e5r"},{"group":"Youth","date":"Friday, 27 February","activity":"Big Friday","for_who":"Youth, 13-19 \u00e5r"},{"group":"Youth","date":"Sunday, 1 March","activity":"Open mic","for_who":"Youth, 13-19 \u00e5r"}],"stockholm_norra":[{"group":"Kids","date":"Tuesday, 24 February","activity":"\u00d6ppet lekland ","for_who":"Alla \u00e5ldrar"},{"group":"Kids","date":"Thursday, 26 February","activity":"Heroes Pizza Night","for_who":"Heroes 10-12 \u00e5r (\u00e5k 4-6)"},{"group":"Kids","date":"Thursday, 26 February","activity":"\u00d6ppet lekland ","for_who":"Alla \u00e5ldrar"},{"group":"Kids","date":"Sunday, 1 March","activity":"After Church med pannkakor och Glassbuff\u00e9","for_who":"Alla \u00e5ldrar"},{"group":"Youth","date":"Friday, 20 February","activity":"Youth Night","for_who":"Youth, 13-19 \u00e5r"},{"group":"Youth","date":"Tuesday, 24 February","activity":"JumpYard","for_who":"Youth, 13-19 \u00e5r"},{"group":"Youth","date":"Wednesday, 25 February","activity":"Bowling","for_who":"H\u00f6gstadiet"},{"group":"Youth","date":"Thursday, 26 February","activity":"Taco Tuesday","for_who":"Gymnasiet"},{"group":"Youth","date":"Friday, 27 February","activity":"Big Friday","for_who":"Youth, 13-19 \u00e5r"},{"group":"Youth","date":"Sunday, 1 March","activity":"Pannkaks buff\u00e9","for_who":"H\u00f6gstadiet"}],"goteborg":[{"group":"Kids","date":"Wednesday, 11 February","activity":"Family Service","for_who":"Alla \u00e5ldrar"},{"group":"Kids","date":"Wednesday, 11 February","activity":"Heroes Hangout","for_who":"Heroes 10-12 \u00e5r (\u00e5k 4-6)"},{"group":"Kids","date":"Friday, 13 February","activity":"6:or \u00e4r p\u00e5 Youth","for_who":"6:or"},{"group":"Youth","date":"Tuesday, 10 February","activity":"Youth After Hours","for_who":"Youth, 13-19 \u00e5r"},{"group":"Youth","date":"Thursday, 12 February","activity":"Youth Bible Study","for_who":"Youth, 13-19 \u00e5r"},{"group":"Youth","date":"Friday, 13 February","activity":"Valentines Friday","for_who":"Youth, 13-19 \u00e5r"}],"jonkoping":[{"group":"Youth","date":"Friday, 13 February","activity":"Connect Friday","for_who":"Youth, 13-19 \u00e5r"}],"orebro":[{"group":"Kids","date":"Sunday, 22 February","activity":"Gudstj\u00e4nst med program f\u00f6r alla barn och \u00e5ldrar","for_who":"Hela kyrkan - \u00e4ven v\u00e5ra Hillsong Kids. Vi ses tillsammans f\u00f6r att ha roligt, l\u00e4ra k\u00e4nna varandra och Jesus b\u00e4ttre"}],"malmo":[{"group":"Kids","date":"Thursday, 19 February","activity":"Laserdome & Hamburgare","for_who":"Superstars & Heroes (8-12\u00e5r)"}]},"yoast_head":"<!-- This site is optimized with the Yoast SEO plugin v27.5 - https:\/\/yoast.com\/product\/yoast-seo-wordpress\/ -->\n<title>Sportlov - Hillsong Sweden<\/title>\n<meta name=\"robots\" content=\"index, follow, max-snippet:-1, max-image-preview:large, max-video-preview:-1\" \/>\n<link rel=\"canonical\" href=\"https:\/\/hillsong.se\/en\/sportlov\/\" \/>\n<meta property=\"og:locale\" content=\"en_GB\" \/>\n<meta property=\"og:type\" content=\"article\" \/>\n<meta property=\"og:title\" content=\"Sportlov - Hillsong Sweden\" \/>\n<meta property=\"og:url\" content=\"https:\/\/hillsong.se\/en\/sportlov\/\" \/>\n<meta property=\"og:site_name\" content=\"Hillsong Sweden\" \/>\n<meta property=\"article:publisher\" content=\"https:\/\/www.facebook.com\/Hillsongsweden\" \/>\n<meta property=\"article:modified_time\" content=\"2026-02-25T20:30:28+00:00\" \/>\n<meta property=\"og:image\" content=\"https:\/\/cdn.hillsong.se\/wp-content\/uploads\/2025\/09\/Main_share.jpg\" \/>\n\t<meta property=\"og:image:width\" content=\"1200\" \/>\n\t<meta property=\"og:image:height\" content=\"675\" \/>\n\t<meta property=\"og:image:type\" content=\"image\/jpeg\" \/>\n<meta name=\"twitter:card\" content=\"summary_large_image\" \/>\n<meta name=\"twitter:label1\" content=\"Estimated reading time\" \/>\n\t<meta name=\"twitter:data1\" content=\"2 minutes\" \/>\n<script type=\"application\/ld+json\" class=\"yoast-schema-graph\">{\"@context\":\"https:\\\/\\\/schema.org\",\"@graph\":[{\"@type\":\"WebPage\",\"@id\":\"https:\\\/\\\/hillsong.se\\\/sportlov\\\/\",\"url\":\"https:\\\/\\\/hillsong.se\\\/sportlov\\\/\",\"name\":\"Sportlov - Hillsong Sweden\",\"isPartOf\":{\"@id\":\"https:\\\/\\\/hillsong.se\\\/#website\"},\"datePublished\":\"2025-01-29T09:52:55+00:00\",\"dateModified\":\"2026-02-25T20:30:28+00:00\",\"breadcrumb\":{\"@id\":\"https:\\\/\\\/hillsong.se\\\/sportlov\\\/#breadcrumb\"},\"inLanguage\":\"en-GB\",\"potentialAction\":[{\"@type\":\"ReadAction\",\"target\":[\"https:\\\/\\\/hillsong.se\\\/sportlov\\\/\"]}]},{\"@type\":\"BreadcrumbList\",\"@id\":\"https:\\\/\\\/hillsong.se\\\/sportlov\\\/#breadcrumb\",\"itemListElement\":[{\"@type\":\"ListItem\",\"position\":1,\"name\":\"Home\",\"item\":\"https:\\\/\\\/hillsong.se\\\/\"},{\"@type\":\"ListItem\",\"position\":2,\"name\":\"Sportlov\"}]},{\"@type\":\"WebSite\",\"@id\":\"https:\\\/\\\/hillsong.se\\\/#website\",\"url\":\"https:\\\/\\\/hillsong.se\\\/\",\"name\":\"Hillsong Sweden\",\"description\":\"Welcome Home\",\"publisher\":{\"@id\":\"https:\\\/\\\/hillsong.se\\\/#organization\"},\"potentialAction\":[{\"@type\":\"SearchAction\",\"target\":{\"@type\":\"EntryPoint\",\"urlTemplate\":\"https:\\\/\\\/hillsong.se\\\/?s={search_term_string}\"},\"query-input\":{\"@type\":\"PropertyValueSpecification\",\"valueRequired\":true,\"valueName\":\"search_term_string\"}}],\"inLanguage\":\"en-GB\"},{\"@type\":\"Organization\",\"@id\":\"https:\\\/\\\/hillsong.se\\\/#organization\",\"name\":\"Hillsong Church Sweden\",\"url\":\"https:\\\/\\\/hillsong.se\\\/\",\"logo\":{\"@type\":\"ImageObject\",\"inLanguage\":\"en-GB\",\"@id\":\"https:\\\/\\\/hillsong.se\\\/#\\\/schema\\\/logo\\\/image\\\/\",\"url\":\"https:\\\/\\\/hillsong.se\\\/wp-content\\\/uploads\\\/2024\\\/05\\\/Hillsong_H_Sweden_S.png\",\"contentUrl\":\"https:\\\/\\\/hillsong.se\\\/wp-content\\\/uploads\\\/2024\\\/05\\\/Hillsong_H_Sweden_S.png\",\"width\":1274,\"height\":532,\"caption\":\"Hillsong Church Sweden\"},\"image\":{\"@id\":\"https:\\\/\\\/hillsong.se\\\/#\\\/schema\\\/logo\\\/image\\\/\"},\"sameAs\":[\"https:\\\/\\\/www.facebook.com\\\/Hillsongsweden\",\"https:\\\/\\\/www.instagram.com\\\/hillsongsweden\\\/\"]}]}<\/script>\n<!-- \/ Yoast SEO plugin. -->","yoast_head_json":{"title":"Sportlov - Hillsong Sweden","robots":{"index":"index","follow":"follow","max-snippet":"max-snippet:-1","max-image-preview":"max-image-preview:large","max-video-preview":"max-video-preview:-1"},"canonical":"https:\/\/hillsong.se\/en\/sportlov\/","og_locale":"en_GB","og_type":"article","og_title":"Sportlov - Hillsong Sweden","og_url":"https:\/\/hillsong.se\/en\/sportlov\/","og_site_name":"Hillsong Sweden","article_publisher":"https:\/\/www.facebook.com\/Hillsongsweden","article_modified_time":"2026-02-25T20:30:28+00:00","og_image":[{"width":1200,"height":675,"url":"https:\/\/cdn.hillsong.se\/wp-content\/uploads\/2025\/09\/Main_share.jpg","type":"image\/jpeg"}],"twitter_card":"summary_large_image","twitter_misc":{"Estimated reading time":"2 minutes"},"schema":{"@context":"https:\/\/schema.org","@graph":[{"@type":"WebPage","@id":"https:\/\/hillsong.se\/sportlov\/","url":"https:\/\/hillsong.se\/sportlov\/","name":"Sportlov - Hillsong Sweden","isPartOf":{"@id":"https:\/\/hillsong.se\/#website"},"datePublished":"2025-01-29T09:52:55+00:00","dateModified":"2026-02-25T20:30:28+00:00","breadcrumb":{"@id":"https:\/\/hillsong.se\/sportlov\/#breadcrumb"},"inLanguage":"en-GB","potentialAction":[{"@type":"ReadAction","target":["https:\/\/hillsong.se\/sportlov\/"]}]},{"@type":"BreadcrumbList","@id":"https:\/\/hillsong.se\/sportlov\/#breadcrumb","itemListElement":[{"@type":"ListItem","position":1,"name":"Home","item":"https:\/\/hillsong.se\/"},{"@type":"ListItem","position":2,"name":"Sportlov"}]},{"@type":"WebSite","@id":"https:\/\/hillsong.se\/#website","url":"https:\/\/hillsong.se\/","name":"Hillsong Sweden","description":"Welcome Home","publisher":{"@id":"https:\/\/hillsong.se\/#organization"},"potentialAction":[{"@type":"SearchAction","target":{"@type":"EntryPoint","urlTemplate":"https:\/\/hillsong.se\/?s={search_term_string}"},"query-input":{"@type":"PropertyValueSpecification","valueRequired":true,"valueName":"search_term_string"}}],"inLanguage":"en-GB"},{"@type":"Organization","@id":"https:\/\/hillsong.se\/#organization","name":"Hillsong Church Sweden","url":"https:\/\/hillsong.se\/","logo":{"@type":"ImageObject","inLanguage":"en-GB","@id":"https:\/\/hillsong.se\/#\/schema\/logo\/image\/","url":"https:\/\/hillsong.se\/wp-content\/uploads\/2024\/05\/Hillsong_H_Sweden_S.png","contentUrl":"https:\/\/hillsong.se\/wp-content\/uploads\/2024\/05\/Hillsong_H_Sweden_S.png","width":1274,"height":532,"caption":"Hillsong Church Sweden"},"image":{"@id":"https:\/\/hillsong.se\/#\/schema\/logo\/image\/"},"sameAs":["https:\/\/www.facebook.com\/Hillsongsweden","https:\/\/www.instagram.com\/hillsongsweden\/"]}]}},"_links":{"self":[{"href":"https:\/\/hillsong.se\/en\/wp-json\/wp\/v2\/pages\/2667","targetHints":{"allow":["GET"]}}],"collection":[{"href":"https:\/\/hillsong.se\/en\/wp-json\/wp\/v2\/pages"}],"about":[{"href":"https:\/\/hillsong.se\/en\/wp-json\/wp\/v2\/types\/page"}],"author":[{"embeddable":true,"href":"https:\/\/hillsong.se\/en\/wp-json\/wp\/v2\/users\/1"}],"replies":[{"embeddable":true,"href":"https:\/\/hillsong.se\/en\/wp-json\/wp\/v2\/comments?post=2667"}],"version-history":[{"count":0,"href":"https:\/\/hillsong.se\/en\/wp-json\/wp\/v2\/pages\/2667\/revisions"}],"wp:attachment":[{"href":"https:\/\/hillsong.se\/en\/wp-json\/wp\/v2\/media?parent=2667"}],"curies":[{"name":"wp","href":"https:\/\/api.w.org\/{rel}","templated":true}]}}