{"id":2822,"date":"2025-02-05T12:06:25","date_gmt":"2025-02-05T11:06:25","guid":{"rendered":"https:\/\/info.hillsong.se\/?page_id=2822"},"modified":"2026-03-28T17:23:19","modified_gmt":"2026-03-28T16:23:19","slug":"nightschool","status":"publish","type":"page","link":"https:\/\/hillsong.se\/en\/nightschool\/","title":{"rendered":"Night School"},"content":{"rendered":"","protected":false},"excerpt":{"rendered":"","protected":false},"author":1,"featured_media":0,"parent":0,"menu_order":0,"comment_status":"closed","ping_status":"closed","template":"","meta":{"_acf_changed":false,"inline_featured_image":false,"footnotes":""},"class_list":["post-2822","page","type-page","status-publish","hentry"],"acf":{"header_style":"Light","start_date":"March 28, 2026","courses":[{"title":"Alpha","description":"Kursen introducerar den kristna tron genom \u00e4mnesinriktade korta lektioner och \u00e5tf\u00f6ljs av samtalsgrupper d\u00e4r inneh\u00e5llet och deltagarnas tankar och fr\u00e5gor f\u00e5r m\u00f6jlighet att uttryckas. Alpha \u00e4r f\u00f6r dig som \u00e4r ny i tron, precis har tagit ett beslut att \u00f6verl\u00e5ta ditt liv till Jesus eller har f\u00f6ljt Jesus genom m\u00e5nga s\u00e4songer.","location":[83],"duration":"4 m\u00e5ndagskv\u00e4llar","start_date":"20260413","end_date":"20260504","start_time":"18:00","end_time":"20:00","start_time_online":"","end_time_online":"","registration_link":"https:\/\/hillsongsweden.churchcenter.com\/registrations\/events\/3553916","close_registrations_date":"20260420","course_color":"#dd1c1c"},{"title":"Marriage Prep","description":"G\u00e5r ni i tankarna om att gifta er eller har ni redan best\u00e4mt ett datum d\u00e5 \u00e4r Marriage Prep f\u00f6r er!<br>\r\nDet \u00e4r en kurs d\u00e4r vi g\u00e5r igenom allt man beh\u00f6ver f\u00f6r att vara f\u00f6rberedd f\u00f6r ett liv tillsammans, ekonomi, kommunikation, f\u00f6rv\u00e4ntan, n\u00e4rhet och mycket mer!","location":[80,81,83,84,85],"duration":"5 tillf\u00e4llen","start_date":"20260223","end_date":"20260323","start_time":"18:30","end_time":"20:00","start_time_online":"","end_time_online":"","registration_link":"https:\/\/hillsongsweden.churchcenter.com\/registrations\/events\/3445780","close_registrations_date":"20260301","course_color":"#ed5d7e"},{"title":"Celebrate Recovery","description":"A 12-step program with Jesus at the center for anyone struggling with wounds, habits and addictions.","location":[80,83],"duration":"8 tillf\u00e4llen","start_date":"20260223","end_date":"20260413","start_time":"","end_time":"","start_time_online":"","end_time_online":"","registration_link":"https:\/\/hillsongsweden.churchcenter.com\/registrations\/events\/3445776","close_registrations_date":"20260301","course_color":"#fbbf16"}],"registration_open":false,"songs":false},"yoast_head":"<!-- This site is optimized with the Yoast SEO plugin v27.4 - https:\/\/yoast.com\/product\/yoast-seo-wordpress\/ -->\n<title>Hillsong Night School Sweden | Courses, Bible Study &amp; Leadership<\/title>\n<meta name=\"description\" content=\"Discover Hillsong Night School in Sweden. Our courses are designed to equip you for a life of purpose through biblical teaching, personal growth, and leadership development.\" \/>\n<meta name=\"robots\" content=\"index, follow, max-snippet:-1, max-image-preview:large, max-video-preview:-1\" \/>\n<link rel=\"canonical\" href=\"https:\/\/hillsong.se\/en\/nightschool\/\" \/>\n<meta property=\"og:locale\" content=\"en_GB\" \/>\n<meta property=\"og:type\" content=\"article\" \/>\n<meta property=\"og:title\" content=\"Learn &amp; Grow with Hillsong Night School\" \/>\n<meta property=\"og:description\" content=\"Ready to go deeper? Hillsong Night School offers courses on the Bible, relationships, finances, and more. Find the perfect course for you and start your journey of growth.\" \/>\n<meta property=\"og:url\" content=\"https:\/\/hillsong.se\/en\/nightschool\/\" \/>\n<meta property=\"og:site_name\" content=\"Hillsong Sweden\" \/>\n<meta property=\"article:publisher\" content=\"https:\/\/www.facebook.com\/Hillsongsweden\" \/>\n<meta property=\"article:modified_time\" content=\"2026-03-28T16:23:19+00:00\" \/>\n<meta property=\"og:image\" content=\"https:\/\/hillsong.se\/wp-content\/uploads\/2025\/08\/Night-School_New16x9.webp\" \/>\n\t<meta property=\"og:image:width\" content=\"1920\" \/>\n\t<meta property=\"og:image:height\" content=\"1080\" \/>\n\t<meta property=\"og:image:type\" content=\"image\/webp\" \/>\n<meta name=\"twitter:card\" content=\"summary_large_image\" \/>\n<meta name=\"twitter:title\" content=\"Learn &amp; Grow with Hillsong Night School\" \/>\n<meta name=\"twitter:description\" content=\"Ready to go deeper? Hillsong Night School offers courses on the Bible, relationships, finances, and more. Find the perfect course for you and start your journey of growth.\" \/>\n<meta name=\"twitter:image\" content=\"https:\/\/cdn.hillsong.se\/wp-content\/uploads\/2025\/08\/Night-School_New16x9.webp\" \/>\n<script type=\"application\/ld+json\" class=\"yoast-schema-graph\">{\"@context\":\"https:\\\/\\\/schema.org\",\"@graph\":[{\"@type\":\"WebPage\",\"@id\":\"https:\\\/\\\/hillsong.se\\\/nightschool\\\/\",\"url\":\"https:\\\/\\\/hillsong.se\\\/nightschool\\\/\",\"name\":\"Hillsong Night School Sweden | Courses, Bible Study & Leadership\",\"isPartOf\":{\"@id\":\"https:\\\/\\\/hillsong.se\\\/#website\"},\"datePublished\":\"2025-02-05T11:06:25+00:00\",\"dateModified\":\"2026-03-28T16:23:19+00:00\",\"description\":\"Discover Hillsong Night School in Sweden. Our courses are designed to equip you for a life of purpose through biblical teaching, personal growth, and leadership development.\",\"breadcrumb\":{\"@id\":\"https:\\\/\\\/hillsong.se\\\/nightschool\\\/#breadcrumb\"},\"inLanguage\":\"en-GB\",\"potentialAction\":[{\"@type\":\"ReadAction\",\"target\":[\"https:\\\/\\\/hillsong.se\\\/nightschool\\\/\"]}]},{\"@type\":\"BreadcrumbList\",\"@id\":\"https:\\\/\\\/hillsong.se\\\/nightschool\\\/#breadcrumb\",\"itemListElement\":[{\"@type\":\"ListItem\",\"position\":1,\"name\":\"Home\",\"item\":\"https:\\\/\\\/hillsong.se\\\/\"},{\"@type\":\"ListItem\",\"position\":2,\"name\":\"Night School\"}]},{\"@type\":\"WebSite\",\"@id\":\"https:\\\/\\\/hillsong.se\\\/#website\",\"url\":\"https:\\\/\\\/hillsong.se\\\/\",\"name\":\"Hillsong Sweden\",\"description\":\"Welcome Home\",\"publisher\":{\"@id\":\"https:\\\/\\\/hillsong.se\\\/#organization\"},\"potentialAction\":[{\"@type\":\"SearchAction\",\"target\":{\"@type\":\"EntryPoint\",\"urlTemplate\":\"https:\\\/\\\/hillsong.se\\\/?s={search_term_string}\"},\"query-input\":{\"@type\":\"PropertyValueSpecification\",\"valueRequired\":true,\"valueName\":\"search_term_string\"}}],\"inLanguage\":\"en-GB\"},{\"@type\":\"Organization\",\"@id\":\"https:\\\/\\\/hillsong.se\\\/#organization\",\"name\":\"Hillsong Church Sweden\",\"url\":\"https:\\\/\\\/hillsong.se\\\/\",\"logo\":{\"@type\":\"ImageObject\",\"inLanguage\":\"en-GB\",\"@id\":\"https:\\\/\\\/hillsong.se\\\/#\\\/schema\\\/logo\\\/image\\\/\",\"url\":\"https:\\\/\\\/hillsong.se\\\/wp-content\\\/uploads\\\/2024\\\/05\\\/Hillsong_H_Sweden_S.png\",\"contentUrl\":\"https:\\\/\\\/hillsong.se\\\/wp-content\\\/uploads\\\/2024\\\/05\\\/Hillsong_H_Sweden_S.png\",\"width\":1274,\"height\":532,\"caption\":\"Hillsong Church Sweden\"},\"image\":{\"@id\":\"https:\\\/\\\/hillsong.se\\\/#\\\/schema\\\/logo\\\/image\\\/\"},\"sameAs\":[\"https:\\\/\\\/www.facebook.com\\\/Hillsongsweden\",\"https:\\\/\\\/www.instagram.com\\\/hillsongsweden\\\/\"]}]}<\/script>\n<!-- \/ Yoast SEO plugin. -->","yoast_head_json":{"title":"Hillsong Night School Sweden | Courses, Bible Study & Leadership","description":"Discover Hillsong Night School in Sweden. Our courses are designed to equip you for a life of purpose through biblical teaching, personal growth, and leadership development.","robots":{"index":"index","follow":"follow","max-snippet":"max-snippet:-1","max-image-preview":"max-image-preview:large","max-video-preview":"max-video-preview:-1"},"canonical":"https:\/\/hillsong.se\/en\/nightschool\/","og_locale":"en_GB","og_type":"article","og_title":"Learn & Grow with Hillsong Night School","og_description":"Ready to go deeper? Hillsong Night School offers courses on the Bible, relationships, finances, and more. Find the perfect course for you and start your journey of growth.","og_url":"https:\/\/hillsong.se\/en\/nightschool\/","og_site_name":"Hillsong Sweden","article_publisher":"https:\/\/www.facebook.com\/Hillsongsweden","article_modified_time":"2026-03-28T16:23:19+00:00","og_image":[{"width":1920,"height":1080,"url":"https:\/\/hillsong.se\/wp-content\/uploads\/2025\/08\/Night-School_New16x9.webp","type":"image\/webp"}],"twitter_card":"summary_large_image","twitter_title":"Learn & Grow with Hillsong Night School","twitter_description":"Ready to go deeper? Hillsong Night School offers courses on the Bible, relationships, finances, and more. Find the perfect course for you and start your journey of growth.","twitter_image":"https:\/\/cdn.hillsong.se\/wp-content\/uploads\/2025\/08\/Night-School_New16x9.webp","schema":{"@context":"https:\/\/schema.org","@graph":[{"@type":"WebPage","@id":"https:\/\/hillsong.se\/nightschool\/","url":"https:\/\/hillsong.se\/nightschool\/","name":"Hillsong Night School Sweden | Courses, Bible Study & Leadership","isPartOf":{"@id":"https:\/\/hillsong.se\/#website"},"datePublished":"2025-02-05T11:06:25+00:00","dateModified":"2026-03-28T16:23:19+00:00","description":"Discover Hillsong Night School in Sweden. Our courses are designed to equip you for a life of purpose through biblical teaching, personal growth, and leadership development.","breadcrumb":{"@id":"https:\/\/hillsong.se\/nightschool\/#breadcrumb"},"inLanguage":"en-GB","potentialAction":[{"@type":"ReadAction","target":["https:\/\/hillsong.se\/nightschool\/"]}]},{"@type":"BreadcrumbList","@id":"https:\/\/hillsong.se\/nightschool\/#breadcrumb","itemListElement":[{"@type":"ListItem","position":1,"name":"Home","item":"https:\/\/hillsong.se\/"},{"@type":"ListItem","position":2,"name":"Night School"}]},{"@type":"WebSite","@id":"https:\/\/hillsong.se\/#website","url":"https:\/\/hillsong.se\/","name":"Hillsong Sweden","description":"Welcome Home","publisher":{"@id":"https:\/\/hillsong.se\/#organization"},"potentialAction":[{"@type":"SearchAction","target":{"@type":"EntryPoint","urlTemplate":"https:\/\/hillsong.se\/?s={search_term_string}"},"query-input":{"@type":"PropertyValueSpecification","valueRequired":true,"valueName":"search_term_string"}}],"inLanguage":"en-GB"},{"@type":"Organization","@id":"https:\/\/hillsong.se\/#organization","name":"Hillsong Church Sweden","url":"https:\/\/hillsong.se\/","logo":{"@type":"ImageObject","inLanguage":"en-GB","@id":"https:\/\/hillsong.se\/#\/schema\/logo\/image\/","url":"https:\/\/hillsong.se\/wp-content\/uploads\/2024\/05\/Hillsong_H_Sweden_S.png","contentUrl":"https:\/\/hillsong.se\/wp-content\/uploads\/2024\/05\/Hillsong_H_Sweden_S.png","width":1274,"height":532,"caption":"Hillsong Church Sweden"},"image":{"@id":"https:\/\/hillsong.se\/#\/schema\/logo\/image\/"},"sameAs":["https:\/\/www.facebook.com\/Hillsongsweden","https:\/\/www.instagram.com\/hillsongsweden\/"]}]}},"_links":{"self":[{"href":"https:\/\/hillsong.se\/en\/wp-json\/wp\/v2\/pages\/2822","targetHints":{"allow":["GET"]}}],"collection":[{"href":"https:\/\/hillsong.se\/en\/wp-json\/wp\/v2\/pages"}],"about":[{"href":"https:\/\/hillsong.se\/en\/wp-json\/wp\/v2\/types\/page"}],"author":[{"embeddable":true,"href":"https:\/\/hillsong.se\/en\/wp-json\/wp\/v2\/users\/1"}],"replies":[{"embeddable":true,"href":"https:\/\/hillsong.se\/en\/wp-json\/wp\/v2\/comments?post=2822"}],"version-history":[{"count":3,"href":"https:\/\/hillsong.se\/en\/wp-json\/wp\/v2\/pages\/2822\/revisions"}],"predecessor-version":[{"id":8849,"href":"https:\/\/hillsong.se\/en\/wp-json\/wp\/v2\/pages\/2822\/revisions\/8849"}],"wp:attachment":[{"href":"https:\/\/hillsong.se\/en\/wp-json\/wp\/v2\/media?parent=2822"}],"curies":[{"name":"wp","href":"https:\/\/api.w.org\/{rel}","templated":true}]}}