{"id":3660,"date":"2025-03-11T15:59:36","date_gmt":"2025-03-11T14:59:36","guid":{"rendered":"https:\/\/hillsong.se\/?page_id=3660"},"modified":"2025-09-20T14:01:00","modified_gmt":"2025-09-20T12:01:00","slug":"connect","status":"publish","type":"page","link":"https:\/\/hillsong.se\/en\/connect\/","title":{"rendered":"Connect"},"content":{"rendered":"","protected":false},"excerpt":{"rendered":"","protected":false},"author":1,"featured_media":0,"parent":0,"menu_order":0,"comment_status":"closed","ping_status":"closed","template":"","meta":{"_acf_changed":false,"inline_featured_image":false,"footnotes":""},"class_list":["post-3660","page","type-page","status-publish","hentry"],"acf":{"header_style":"Light","faq":[{"question":"Hur ans\u00f6ker man om att g\u00e5 med i en connectgrupp?","answer":"<p>Fyll i intresseanm\u00e4lan ovan s\u00e5 kontaktar vi dig.<\/p>\n","are_there_images":false,"answer_images":false},{"question":"Ses grupperna p\u00e5 best\u00e4mda tider?","answer":"<p>N\u00e4r gruppen ses \u00e4r upp till varje gruppledare, men varje eller varannan vecka \u00e4r rekommenderat. Alla dagar och tider utom tisdagskv\u00e4llar n\u00e4r vi har ledartr\u00e4ning samt s\u00f6ndagar n\u00e4r vi har m\u00f6ten \u00e4r m\u00f6jliga!<\/p>\n","are_there_images":false,"answer_images":false},{"question":"Kan man bjuda med m\u00e4nniskor som inte \u00e4r troende till connectgruppen?","answer":"<p>Sj\u00e4lvklart, alla \u00e4r v\u00e4lkomna! Men det \u00e4r bra om de vet om att det \u00e4r en grupp d\u00e4r vi ber och delar tron tillsammans p\u00e5 olika s\u00e4tt.<\/p>\n","are_there_images":false,"answer_images":false},{"question":"F\u00e5r man vara med i fler grupper \u00e4n en?","answer":"<p>Absolut, om ditt liv och schema m\u00f6jligg\u00f6r det, s\u00e5 \u00e4r v\u00e4l det toppen!<\/p>\n","are_there_images":false,"answer_images":false},{"question":"Hur startar man en connectgrupp?","answer":"<p>Prata med din nuvarande connectledare om du vill starta en egen connectgrupp.<\/p>\n","are_there_images":false,"answer_images":false},{"question":"Input, study eller material?","answer":"<p>Varannan vecka s\u00e5 kommer det att finnas en ny input som ett st\u00f6d f\u00f6r ert samtal i gruppen som bygger p\u00e5 s\u00f6ndagarnas predikningar och det som h\u00e4nder i kyrkan just nu.<\/p>\n","are_there_images":false,"answer_images":false}]},"yoast_head":"<!-- This site is optimized with the Yoast SEO plugin v27.4 - https:\/\/yoast.com\/product\/yoast-seo-wordpress\/ -->\n<title>Connect - Hillsong Sweden<\/title>\n<meta name=\"robots\" content=\"index, follow, max-snippet:-1, max-image-preview:large, max-video-preview:-1\" \/>\n<link rel=\"canonical\" href=\"https:\/\/hillsong.se\/en\/connect\/\" \/>\n<meta property=\"og:locale\" content=\"en_GB\" \/>\n<meta property=\"og:type\" content=\"article\" \/>\n<meta property=\"og:title\" content=\"Connect - Hillsong Sweden\" \/>\n<meta property=\"og:url\" content=\"https:\/\/hillsong.se\/en\/connect\/\" \/>\n<meta property=\"og:site_name\" content=\"Hillsong Sweden\" \/>\n<meta property=\"article:publisher\" content=\"https:\/\/www.facebook.com\/Hillsongsweden\" \/>\n<meta property=\"article:modified_time\" content=\"2025-09-20T12:01:00+00:00\" \/>\n<meta property=\"og:image\" content=\"https:\/\/cdn.hillsong.se\/wp-content\/uploads\/2025\/09\/Main_share.jpg\" \/>\n\t<meta property=\"og:image:width\" content=\"1200\" \/>\n\t<meta property=\"og:image:height\" content=\"675\" \/>\n\t<meta property=\"og:image:type\" content=\"image\/jpeg\" \/>\n<meta name=\"twitter:card\" content=\"summary_large_image\" \/>\n<script type=\"application\/ld+json\" class=\"yoast-schema-graph\">{\"@context\":\"https:\\\/\\\/schema.org\",\"@graph\":[{\"@type\":\"WebPage\",\"@id\":\"https:\\\/\\\/hillsong.se\\\/connect\\\/\",\"url\":\"https:\\\/\\\/hillsong.se\\\/connect\\\/\",\"name\":\"Connect - Hillsong Sweden\",\"isPartOf\":{\"@id\":\"https:\\\/\\\/hillsong.se\\\/#website\"},\"datePublished\":\"2025-03-11T14:59:36+00:00\",\"dateModified\":\"2025-09-20T12:01:00+00:00\",\"breadcrumb\":{\"@id\":\"https:\\\/\\\/hillsong.se\\\/connect\\\/#breadcrumb\"},\"inLanguage\":\"en-GB\",\"potentialAction\":[{\"@type\":\"ReadAction\",\"target\":[\"https:\\\/\\\/hillsong.se\\\/connect\\\/\"]}]},{\"@type\":\"BreadcrumbList\",\"@id\":\"https:\\\/\\\/hillsong.se\\\/connect\\\/#breadcrumb\",\"itemListElement\":[{\"@type\":\"ListItem\",\"position\":1,\"name\":\"Home\",\"item\":\"https:\\\/\\\/hillsong.se\\\/\"},{\"@type\":\"ListItem\",\"position\":2,\"name\":\"Connect\"}]},{\"@type\":\"WebSite\",\"@id\":\"https:\\\/\\\/hillsong.se\\\/#website\",\"url\":\"https:\\\/\\\/hillsong.se\\\/\",\"name\":\"Hillsong Sweden\",\"description\":\"Welcome Home\",\"publisher\":{\"@id\":\"https:\\\/\\\/hillsong.se\\\/#organization\"},\"potentialAction\":[{\"@type\":\"SearchAction\",\"target\":{\"@type\":\"EntryPoint\",\"urlTemplate\":\"https:\\\/\\\/hillsong.se\\\/?s={search_term_string}\"},\"query-input\":{\"@type\":\"PropertyValueSpecification\",\"valueRequired\":true,\"valueName\":\"search_term_string\"}}],\"inLanguage\":\"en-GB\"},{\"@type\":\"Organization\",\"@id\":\"https:\\\/\\\/hillsong.se\\\/#organization\",\"name\":\"Hillsong Church Sweden\",\"url\":\"https:\\\/\\\/hillsong.se\\\/\",\"logo\":{\"@type\":\"ImageObject\",\"inLanguage\":\"en-GB\",\"@id\":\"https:\\\/\\\/hillsong.se\\\/#\\\/schema\\\/logo\\\/image\\\/\",\"url\":\"https:\\\/\\\/hillsong.se\\\/wp-content\\\/uploads\\\/2024\\\/05\\\/Hillsong_H_Sweden_S.png\",\"contentUrl\":\"https:\\\/\\\/hillsong.se\\\/wp-content\\\/uploads\\\/2024\\\/05\\\/Hillsong_H_Sweden_S.png\",\"width\":1274,\"height\":532,\"caption\":\"Hillsong Church Sweden\"},\"image\":{\"@id\":\"https:\\\/\\\/hillsong.se\\\/#\\\/schema\\\/logo\\\/image\\\/\"},\"sameAs\":[\"https:\\\/\\\/www.facebook.com\\\/Hillsongsweden\",\"https:\\\/\\\/www.instagram.com\\\/hillsongsweden\\\/\"]}]}<\/script>\n<!-- \/ Yoast SEO plugin. -->","yoast_head_json":{"title":"Connect - Hillsong Sweden","robots":{"index":"index","follow":"follow","max-snippet":"max-snippet:-1","max-image-preview":"max-image-preview:large","max-video-preview":"max-video-preview:-1"},"canonical":"https:\/\/hillsong.se\/en\/connect\/","og_locale":"en_GB","og_type":"article","og_title":"Connect - Hillsong Sweden","og_url":"https:\/\/hillsong.se\/en\/connect\/","og_site_name":"Hillsong Sweden","article_publisher":"https:\/\/www.facebook.com\/Hillsongsweden","article_modified_time":"2025-09-20T12:01:00+00:00","og_image":[{"width":1200,"height":675,"url":"https:\/\/cdn.hillsong.se\/wp-content\/uploads\/2025\/09\/Main_share.jpg","type":"image\/jpeg"}],"twitter_card":"summary_large_image","schema":{"@context":"https:\/\/schema.org","@graph":[{"@type":"WebPage","@id":"https:\/\/hillsong.se\/connect\/","url":"https:\/\/hillsong.se\/connect\/","name":"Connect - Hillsong Sweden","isPartOf":{"@id":"https:\/\/hillsong.se\/#website"},"datePublished":"2025-03-11T14:59:36+00:00","dateModified":"2025-09-20T12:01:00+00:00","breadcrumb":{"@id":"https:\/\/hillsong.se\/connect\/#breadcrumb"},"inLanguage":"en-GB","potentialAction":[{"@type":"ReadAction","target":["https:\/\/hillsong.se\/connect\/"]}]},{"@type":"BreadcrumbList","@id":"https:\/\/hillsong.se\/connect\/#breadcrumb","itemListElement":[{"@type":"ListItem","position":1,"name":"Home","item":"https:\/\/hillsong.se\/"},{"@type":"ListItem","position":2,"name":"Connect"}]},{"@type":"WebSite","@id":"https:\/\/hillsong.se\/#website","url":"https:\/\/hillsong.se\/","name":"Hillsong Sweden","description":"Welcome Home","publisher":{"@id":"https:\/\/hillsong.se\/#organization"},"potentialAction":[{"@type":"SearchAction","target":{"@type":"EntryPoint","urlTemplate":"https:\/\/hillsong.se\/?s={search_term_string}"},"query-input":{"@type":"PropertyValueSpecification","valueRequired":true,"valueName":"search_term_string"}}],"inLanguage":"en-GB"},{"@type":"Organization","@id":"https:\/\/hillsong.se\/#organization","name":"Hillsong Church Sweden","url":"https:\/\/hillsong.se\/","logo":{"@type":"ImageObject","inLanguage":"en-GB","@id":"https:\/\/hillsong.se\/#\/schema\/logo\/image\/","url":"https:\/\/hillsong.se\/wp-content\/uploads\/2024\/05\/Hillsong_H_Sweden_S.png","contentUrl":"https:\/\/hillsong.se\/wp-content\/uploads\/2024\/05\/Hillsong_H_Sweden_S.png","width":1274,"height":532,"caption":"Hillsong Church Sweden"},"image":{"@id":"https:\/\/hillsong.se\/#\/schema\/logo\/image\/"},"sameAs":["https:\/\/www.facebook.com\/Hillsongsweden","https:\/\/www.instagram.com\/hillsongsweden\/"]}]}},"_links":{"self":[{"href":"https:\/\/hillsong.se\/en\/wp-json\/wp\/v2\/pages\/3660","targetHints":{"allow":["GET"]}}],"collection":[{"href":"https:\/\/hillsong.se\/en\/wp-json\/wp\/v2\/pages"}],"about":[{"href":"https:\/\/hillsong.se\/en\/wp-json\/wp\/v2\/types\/page"}],"author":[{"embeddable":true,"href":"https:\/\/hillsong.se\/en\/wp-json\/wp\/v2\/users\/1"}],"replies":[{"embeddable":true,"href":"https:\/\/hillsong.se\/en\/wp-json\/wp\/v2\/comments?post=3660"}],"version-history":[{"count":0,"href":"https:\/\/hillsong.se\/en\/wp-json\/wp\/v2\/pages\/3660\/revisions"}],"wp:attachment":[{"href":"https:\/\/hillsong.se\/en\/wp-json\/wp\/v2\/media?parent=3660"}],"curies":[{"name":"wp","href":"https:\/\/api.w.org\/{rel}","templated":true}]}}