{"id":8329,"date":"2026-03-12T12:07:18","date_gmt":"2026-03-12T11:07:18","guid":{"rendered":"https:\/\/hillsong.se\/?page_id=8329"},"modified":"2026-04-04T18:01:31","modified_gmt":"2026-04-04T16:01:31","slug":"conference","status":"publish","type":"page","link":"https:\/\/hillsong.se\/en\/sisterhood\/conference\/","title":{"rendered":"Sisterhood Conference"},"content":{"rendered":"","protected":false},"excerpt":{"rendered":"","protected":false},"author":1,"featured_media":0,"parent":3730,"menu_order":0,"comment_status":"closed","ping_status":"closed","template":"","meta":{"_acf_changed":false,"inline_featured_image":false,"footnotes":""},"class_list":["post-8329","page","type-page","status-publish","hentry"],"acf":{"header_style":"Dark","sections":[{"section_title":"Allm\u00e4n information","faq":[{"question":"Vad \u00e4r Sisterhood Conference?","answer":"<p>Sisterhood Conference \u00e4r en konferens d\u00e4r kvinnor fr\u00e5n hela Sverige samlas f\u00f6r att bli uppmuntrade, utrustade och st\u00e4rkta i sin tro. Det \u00e4r dagar fyllda med inspiration, undervisning, lovs\u00e5ng och gemenskap.<\/p>\n"},{"question":"N\u00e4r och var h\u00e5lls Sisterhood Conference?","answer":"<p>Sisterhood Conference \u00e4ger rum den 1-2 maj p\u00e5 Hillsong Stockholm Norra.<br \/>\nAdress: Cederstr\u00f6ms Slinga 8, 195 61 Arlandastad<\/p>\n"},{"question":"Vem kan delta?","answer":"<p>Sisterhood Conference \u00e4r \u00f6ppet f\u00f6r alla kvinnor som vill vara med, oavsett \u00e5lder och bakgrund.<\/p>\n"},{"question":"Hur anm\u00e4ler jag mig?","answer":"<p>Anm\u00e4lan \u00f6ppnar 8 mars, se l\u00e4ngre upp p\u00e5 denna hemsida via knappen &#8220;Anm\u00e4l dig nu&#8221;<\/p>\n"},{"question":"Hur g\u00f6r jag om jag b\u00e5de \u00e4r deltagare (kvinna) och ska vara med och teama?","answer":"<p>Om du \u00e4r kvinna och vill tj\u00e4na under helgen s\u00e5 k\u00f6per du en volont\u00e4rbiljett. I det ing\u00e5r \u00e4ven en give away och i samtal med din teamledare s\u00e5 vill vi sj\u00e4lvklart att du f\u00e5r ta del av n\u00e5gon eller n\u00e5gra sessions.<\/p>\n"}]},{"section_title":"Praktisk information","faq":[{"question":"Vad kan jag f\u00f6rv\u00e4nta mig av konferensen?","answer":"<p>Vi samlas som ett Sisterhood f\u00f6r att tillsammans bli uppmuntrade, inspirerade och utrustade f\u00f6r det liv som Gud kallar oss till. En konferens av och f\u00f6r alla sisters! Fun moments, lots of joy, lovs\u00e5ng, tid f\u00f6r gemenskap systrar emellan, social impact, aktiviteter och ett ord att st\u00e5 p\u00e5 tillsammans som ett sisterhood &#8211; allt f\u00f6r att utrusta &amp; shower you with the love you deserve!<\/p>\n"}]},{"section_title":"Program & Inneh\u00e5ll","faq":[{"question":"Vad ing\u00e5r i biljettpriset?","answer":"<p>Biljettpriset inkluderar en otrolig upplevelse av fun moments, fika, lots of joy, lovs\u00e5ng, tid f\u00f6r gemenskap systrar emellan, aktiviteter och ett ord att st\u00e5 p\u00e5 tillsammans som ett sisterhood samt en liten \u00f6verraskning.<\/p>\n"},{"question":"Finns det mat och dryck p\u00e5 plats?","answer":"<p>Du kommer att kunna k\u00f6pa lunch p\u00e5 plats i v\u00e5ra olika stands p\u00e5 l\u00f6rdagen. Det kommer \u00e4ven att finnas kaffe och fika under dagarna.<\/p>\n"},{"question":"Hur tar jag mig till Hillsong Stockholm Norra?","answer":"<p>Adressen \u00e4r Cederstr\u00f6ms Slinga 8, 195 61 Arlandastad. Du kan ta dig dit med kollektivtrafik eller bil. Parkering finns i anslutning till lokalen.<\/p>\n"},{"question":"Finns det Kidsprogram under eventet?","answer":"<p>Nej, vi uppmuntrar dig att sj\u00e4lv fixa barnvakt under dagarna. Vi kommer d\u00e4remot att samlas med v\u00e5ra Heroes (10-12 \u00e5r) under dagarna och g\u00e5 tillsammans p\u00e5 Sisterhood.<\/p>\n"}]},{"section_title":"\u00d6vrigt","faq":[{"question":"Jag har en allergi eller kostrestriktion \u2013 hur g\u00f6r jag?","answer":"<p>Fikat som serveras och lunchen som s\u00e4ljs kommer att vara laktosfri och n\u00f6tfri. Om du \u00e4r vegetarian \u00e4r du v\u00e4lkommen att \u00e4ta v\u00e5rt veganska och glutenfria alternativ. Du anger detta i anm\u00e4lan.<\/p>\n"},{"question":"Vad g\u00f6r jag om jag f\u00e5r f\u00f6rhinder efter att jag anm\u00e4lt mig?","answer":"<p>Om du inte kan komma, v\u00e4nligen meddela oss s\u00e5 snart som m\u00f6jligt via <a href=\"mailto:info@hillsong.se\">info@hillsong.se<\/a>. Vi kan tyv\u00e4rr inte erbjuda \u00e5terbetalning, men du kan \u00f6verl\u00e5ta din biljett till n\u00e5gon annan.<\/p>\n"},{"question":"Hur kontaktar jag er om jag har fler fr\u00e5gor?","answer":"<p>Du kan kontakta oss via e-post p\u00e5 <a href=\"mailto:info@hillsong.se\">info@hillsong.se<\/a>.<\/p>\n"}]}],"songs":false},"yoast_head":"<!-- This site is optimized with the Yoast SEO plugin v27.3 - https:\/\/yoast.com\/product\/yoast-seo-wordpress\/ -->\n<title>Sisterhood Conference - Hillsong Sweden<\/title>\n<meta name=\"robots\" content=\"index, follow, max-snippet:-1, max-image-preview:large, max-video-preview:-1\" \/>\n<link rel=\"canonical\" href=\"https:\/\/hillsong.se\/en\/sisterhood\/conference\/\" \/>\n<meta property=\"og:locale\" content=\"en_GB\" \/>\n<meta property=\"og:type\" content=\"article\" \/>\n<meta property=\"og:title\" content=\"Sisterhood Conference - Hillsong Sweden\" \/>\n<meta property=\"og:description\" content=\"V\u00e4lkommen till ett s\u00e5dant sammanhang! En s\u00e5dan plats. D\u00e4r du kan fylla p\u00e5. Utrustas. Slipas. Fyllas med kraft. Lyfta blicken. Redo f\u00f6r att r\u00f6ra dig fram\u00e5t. Beautifully MADE. Securely HELD. Purposefully AIMED. ~ ARROWS ~\" \/>\n<meta property=\"og:url\" content=\"https:\/\/hillsong.se\/en\/sisterhood\/conference\/\" \/>\n<meta property=\"og:site_name\" content=\"Hillsong Sweden\" \/>\n<meta property=\"article:publisher\" content=\"https:\/\/www.facebook.com\/Hillsongsweden\" \/>\n<meta property=\"article:modified_time\" content=\"2026-04-04T16:01:31+00:00\" \/>\n<meta property=\"og:image\" content=\"https:\/\/cdn.hillsong.se\/wp-content\/uploads\/2026\/03\/cover_image-1.jpg\" \/>\n\t<meta property=\"og:image:width\" content=\"1920\" \/>\n\t<meta property=\"og:image:height\" content=\"1080\" \/>\n\t<meta property=\"og:image:type\" content=\"image\/jpeg\" \/>\n<meta name=\"twitter:card\" content=\"summary_large_image\" \/>\n<meta name=\"twitter:title\" content=\"Sisterhood Conference - Hillsong Sweden\" \/>\n<meta name=\"twitter:description\" content=\"V\u00e4lkommen till ett s\u00e5dant sammanhang! En s\u00e5dan plats. D\u00e4r du kan fylla p\u00e5. Utrustas. Slipas. Fyllas med kraft. Lyfta blicken. Redo f\u00f6r att r\u00f6ra dig fram\u00e5t. Beautifully MADE. Securely HELD. Purposefully AIMED. ~ ARROWS ~\" \/>\n<meta name=\"twitter:image\" content=\"https:\/\/cdn.hillsong.se\/wp-content\/uploads\/2026\/03\/cover_image-1.jpg\" \/>\n<meta name=\"twitter:label1\" content=\"Estimated reading time\" \/>\n\t<meta name=\"twitter:data1\" content=\"10 minutes\" \/>\n<script type=\"application\/ld+json\" class=\"yoast-schema-graph\">{\"@context\":\"https:\\\/\\\/schema.org\",\"@graph\":[{\"@type\":\"WebPage\",\"@id\":\"https:\\\/\\\/hillsong.se\\\/sisterhood\\\/conference\\\/\",\"url\":\"https:\\\/\\\/hillsong.se\\\/sisterhood\\\/conference\\\/\",\"name\":\"Sisterhood Conference - Hillsong Sweden\",\"isPartOf\":{\"@id\":\"https:\\\/\\\/hillsong.se\\\/#website\"},\"datePublished\":\"2026-03-12T11:07:18+00:00\",\"dateModified\":\"2026-04-04T16:01:31+00:00\",\"breadcrumb\":{\"@id\":\"https:\\\/\\\/hillsong.se\\\/sisterhood\\\/conference\\\/#breadcrumb\"},\"inLanguage\":\"en-GB\",\"potentialAction\":[{\"@type\":\"ReadAction\",\"target\":[\"https:\\\/\\\/hillsong.se\\\/sisterhood\\\/conference\\\/\"]}]},{\"@type\":\"BreadcrumbList\",\"@id\":\"https:\\\/\\\/hillsong.se\\\/sisterhood\\\/conference\\\/#breadcrumb\",\"itemListElement\":[{\"@type\":\"ListItem\",\"position\":1,\"name\":\"Home\",\"item\":\"https:\\\/\\\/hillsong.se\\\/\"},{\"@type\":\"ListItem\",\"position\":2,\"name\":\"Sisterhood\",\"item\":\"https:\\\/\\\/hillsong.se\\\/sisterhood\\\/\"},{\"@type\":\"ListItem\",\"position\":3,\"name\":\"Sisterhood Conference\"}]},{\"@type\":\"WebSite\",\"@id\":\"https:\\\/\\\/hillsong.se\\\/#website\",\"url\":\"https:\\\/\\\/hillsong.se\\\/\",\"name\":\"Hillsong Sweden\",\"description\":\"Welcome Home\",\"publisher\":{\"@id\":\"https:\\\/\\\/hillsong.se\\\/#organization\"},\"potentialAction\":[{\"@type\":\"SearchAction\",\"target\":{\"@type\":\"EntryPoint\",\"urlTemplate\":\"https:\\\/\\\/hillsong.se\\\/?s={search_term_string}\"},\"query-input\":{\"@type\":\"PropertyValueSpecification\",\"valueRequired\":true,\"valueName\":\"search_term_string\"}}],\"inLanguage\":\"en-GB\"},{\"@type\":\"Organization\",\"@id\":\"https:\\\/\\\/hillsong.se\\\/#organization\",\"name\":\"Hillsong Church Sweden\",\"url\":\"https:\\\/\\\/hillsong.se\\\/\",\"logo\":{\"@type\":\"ImageObject\",\"inLanguage\":\"en-GB\",\"@id\":\"https:\\\/\\\/hillsong.se\\\/#\\\/schema\\\/logo\\\/image\\\/\",\"url\":\"https:\\\/\\\/hillsong.se\\\/wp-content\\\/uploads\\\/2024\\\/05\\\/Hillsong_H_Sweden_S.png\",\"contentUrl\":\"https:\\\/\\\/hillsong.se\\\/wp-content\\\/uploads\\\/2024\\\/05\\\/Hillsong_H_Sweden_S.png\",\"width\":1274,\"height\":532,\"caption\":\"Hillsong Church Sweden\"},\"image\":{\"@id\":\"https:\\\/\\\/hillsong.se\\\/#\\\/schema\\\/logo\\\/image\\\/\"},\"sameAs\":[\"https:\\\/\\\/www.facebook.com\\\/Hillsongsweden\",\"https:\\\/\\\/www.instagram.com\\\/hillsongsweden\\\/\"]}]}<\/script>\n<!-- \/ Yoast SEO plugin. -->","yoast_head_json":{"title":"Sisterhood Conference - Hillsong Sweden","robots":{"index":"index","follow":"follow","max-snippet":"max-snippet:-1","max-image-preview":"max-image-preview:large","max-video-preview":"max-video-preview:-1"},"canonical":"https:\/\/hillsong.se\/en\/sisterhood\/conference\/","og_locale":"en_GB","og_type":"article","og_title":"Sisterhood Conference - Hillsong Sweden","og_description":"V\u00e4lkommen till ett s\u00e5dant sammanhang! En s\u00e5dan plats. D\u00e4r du kan fylla p\u00e5. Utrustas. Slipas. Fyllas med kraft. Lyfta blicken. Redo f\u00f6r att r\u00f6ra dig fram\u00e5t. Beautifully MADE. Securely HELD. Purposefully AIMED. ~ ARROWS ~","og_url":"https:\/\/hillsong.se\/en\/sisterhood\/conference\/","og_site_name":"Hillsong Sweden","article_publisher":"https:\/\/www.facebook.com\/Hillsongsweden","article_modified_time":"2026-04-04T16:01:31+00:00","og_image":[{"width":1920,"height":1080,"url":"https:\/\/cdn.hillsong.se\/wp-content\/uploads\/2026\/03\/cover_image-1.jpg","type":"image\/jpeg"}],"twitter_card":"summary_large_image","twitter_title":"Sisterhood Conference - Hillsong Sweden","twitter_description":"V\u00e4lkommen till ett s\u00e5dant sammanhang! En s\u00e5dan plats. D\u00e4r du kan fylla p\u00e5. Utrustas. Slipas. Fyllas med kraft. Lyfta blicken. Redo f\u00f6r att r\u00f6ra dig fram\u00e5t. Beautifully MADE. Securely HELD. Purposefully AIMED. ~ ARROWS ~","twitter_image":"https:\/\/cdn.hillsong.se\/wp-content\/uploads\/2026\/03\/cover_image-1.jpg","twitter_misc":{"Estimated reading time":"10 minutes"},"schema":{"@context":"https:\/\/schema.org","@graph":[{"@type":"WebPage","@id":"https:\/\/hillsong.se\/sisterhood\/conference\/","url":"https:\/\/hillsong.se\/sisterhood\/conference\/","name":"Sisterhood Conference - Hillsong Sweden","isPartOf":{"@id":"https:\/\/hillsong.se\/#website"},"datePublished":"2026-03-12T11:07:18+00:00","dateModified":"2026-04-04T16:01:31+00:00","breadcrumb":{"@id":"https:\/\/hillsong.se\/sisterhood\/conference\/#breadcrumb"},"inLanguage":"en-GB","potentialAction":[{"@type":"ReadAction","target":["https:\/\/hillsong.se\/sisterhood\/conference\/"]}]},{"@type":"BreadcrumbList","@id":"https:\/\/hillsong.se\/sisterhood\/conference\/#breadcrumb","itemListElement":[{"@type":"ListItem","position":1,"name":"Home","item":"https:\/\/hillsong.se\/"},{"@type":"ListItem","position":2,"name":"Sisterhood","item":"https:\/\/hillsong.se\/sisterhood\/"},{"@type":"ListItem","position":3,"name":"Sisterhood Conference"}]},{"@type":"WebSite","@id":"https:\/\/hillsong.se\/#website","url":"https:\/\/hillsong.se\/","name":"Hillsong Sweden","description":"Welcome Home","publisher":{"@id":"https:\/\/hillsong.se\/#organization"},"potentialAction":[{"@type":"SearchAction","target":{"@type":"EntryPoint","urlTemplate":"https:\/\/hillsong.se\/?s={search_term_string}"},"query-input":{"@type":"PropertyValueSpecification","valueRequired":true,"valueName":"search_term_string"}}],"inLanguage":"en-GB"},{"@type":"Organization","@id":"https:\/\/hillsong.se\/#organization","name":"Hillsong Church Sweden","url":"https:\/\/hillsong.se\/","logo":{"@type":"ImageObject","inLanguage":"en-GB","@id":"https:\/\/hillsong.se\/#\/schema\/logo\/image\/","url":"https:\/\/hillsong.se\/wp-content\/uploads\/2024\/05\/Hillsong_H_Sweden_S.png","contentUrl":"https:\/\/hillsong.se\/wp-content\/uploads\/2024\/05\/Hillsong_H_Sweden_S.png","width":1274,"height":532,"caption":"Hillsong Church Sweden"},"image":{"@id":"https:\/\/hillsong.se\/#\/schema\/logo\/image\/"},"sameAs":["https:\/\/www.facebook.com\/Hillsongsweden","https:\/\/www.instagram.com\/hillsongsweden\/"]}]}},"_links":{"self":[{"href":"https:\/\/hillsong.se\/en\/wp-json\/wp\/v2\/pages\/8329","targetHints":{"allow":["GET"]}}],"collection":[{"href":"https:\/\/hillsong.se\/en\/wp-json\/wp\/v2\/pages"}],"about":[{"href":"https:\/\/hillsong.se\/en\/wp-json\/wp\/v2\/types\/page"}],"author":[{"embeddable":true,"href":"https:\/\/hillsong.se\/en\/wp-json\/wp\/v2\/users\/1"}],"replies":[{"embeddable":true,"href":"https:\/\/hillsong.se\/en\/wp-json\/wp\/v2\/comments?post=8329"}],"version-history":[{"count":44,"href":"https:\/\/hillsong.se\/en\/wp-json\/wp\/v2\/pages\/8329\/revisions"}],"predecessor-version":[{"id":8912,"href":"https:\/\/hillsong.se\/en\/wp-json\/wp\/v2\/pages\/8329\/revisions\/8912"}],"up":[{"embeddable":true,"href":"https:\/\/hillsong.se\/en\/wp-json\/wp\/v2\/pages\/3730"}],"wp:attachment":[{"href":"https:\/\/hillsong.se\/en\/wp-json\/wp\/v2\/media?parent=8329"}],"curies":[{"name":"wp","href":"https:\/\/api.w.org\/{rel}","templated":true}]}}