{"id":8943,"date":"2026-04-18T12:22:28","date_gmt":"2026-04-18T10:22:28","guid":{"rendered":"https:\/\/hillsong.se\/?page_id=8943"},"modified":"2026-04-26T17:03:49","modified_gmt":"2026-04-26T15:03:49","slug":"sc26","status":"publish","type":"page","link":"https:\/\/hillsong.se\/en\/events\/sc26\/","title":{"rendered":"Summercamp 26"},"content":{"rendered":"","protected":false},"excerpt":{"rendered":"","protected":false},"author":1,"featured_media":0,"parent":4075,"menu_order":0,"comment_status":"closed","ping_status":"closed","template":"","meta":{"_acf_changed":false,"inline_featured_image":false,"footnotes":""},"class_list":["post-8943","page","type-page","status-publish","hentry"],"acf":{"header_style":"Dark","songs":false,"faq_heroes":[{"question":"Vad ing\u00e5r?","answer":"<p>\u00d6vernattning (3 dagar och 2 n\u00e4tter), m\u00e5ltider, aktiviteter och transport till och fr\u00e5n ett av v\u00e5ra campus (Sthlm City, Sthlm Norra, G\u00f6teborg, J\u00f6nk\u00f6ping, Malm\u00f6, \u00d6rebro).<\/p>\n","are_there_images":false,"answer_images":false},{"question":"Mat","answer":"<p>Frukost, lunch, middag, mellanm\u00e5l och kv\u00e4llsfika ing\u00e5r. Kom ih\u00e5g att ange eventuella allergier i din anm\u00e4lan. Det kommer att finnas en kiosk som \u00e4r \u00f6ppen vissa tider under Camp.<\/p>\n","are_there_images":false,"answer_images":false},{"question":"S\u00e4kerhet & Medic","answer":"<p>Summercamp \u00e4r ett drog- och alkoholfritt l\u00e4ger. Vi har ett s\u00e4kerhetsteam under Summercamp som kommer finnas p\u00e5 omr\u00e5det. Vi har \u00e4ven sjuksk\u00f6terskor p\u00e5 plats om du skulle skada dig eller beh\u00f6ver hj\u00e4lp.<\/p>\n<p>N\u00e4r du anm\u00e4ler dig kommer du att betala direkt och f\u00e5 ett bekr\u00e4ftelsemejl. Mer detaljerad information kommer senare.<\/p>\n","are_there_images":false,"answer_images":false},{"question":"Vad h\u00e4nder om jag inte kan komma?","answer":"<p>Vi har inte m\u00f6jlighet att g\u00f6ra \u00e5terbetalningar efter betald anm\u00e4lan. Vid sjukdom- eller olycksfall beh\u00f6vs l\u00e4karintyg. \u00c5ngerr\u00e4tt inom 14 dagar g\u00e4ller.<\/p>\n","are_there_images":false,"answer_images":false}],"faq_youth":[{"question":"Vad ing\u00e5r?","answer":"<p>\u00d6vernattning (4 dagar och 3 n\u00e4tter), m\u00e5ltider, aktiviteter och transport till och fr\u00e5n ett av v\u00e5ra campus (Sthlm City, Sthlm Norra, G\u00f6teborg, J\u00f6nk\u00f6ping, Malm\u00f6, \u00d6rebro).<\/p>\n","are_there_images":false,"answer_images":false},{"question":"Mat","answer":"<p>Frukost, lunch, middag, mellanm\u00e5l och kv\u00e4llsfika ing\u00e5r. Kom ih\u00e5g att ange eventuella allergier i din anm\u00e4lan. Det kommer att finnas en kiosk som \u00e4r \u00f6ppen vissa tider under Camp.<\/p>\n","are_there_images":false,"answer_images":false},{"question":"S\u00e4kerhet & Medic","answer":"<p>Summercamp \u00e4r ett drog- och alkoholfritt l\u00e4ger. Vi har ett s\u00e4kerhetsteam under Summercamp som kommer finnas p\u00e5 omr\u00e5det. Vi har \u00e4ven sjuksk\u00f6terskor p\u00e5 plats om du skulle skada dig eller beh\u00f6ver hj\u00e4lp.<\/p>\n<p>N\u00e4r du anm\u00e4ler dig kommer du att betala direkt och f\u00e5 ett bekr\u00e4ftelsemejl. Mer detaljerad information kommer senare.<\/p>\n","are_there_images":false,"answer_images":false},{"question":"Vad h\u00e4nder om jag inte kan komma?","answer":"<p>Vi har inte m\u00f6jlighet att g\u00f6ra \u00e5terbetalningar efter betald anm\u00e4lan. Vid sjukdom- eller olycksfall beh\u00f6vs l\u00e4karintyg. \u00c5ngerr\u00e4tt inom 14 dagar g\u00e4ller.<\/p>\n","are_there_images":false,"answer_images":false}],"faq_volunteers":[{"question":"Sista anm\u00e4lningsdag","answer":"<p>Vi \u00f6nskar att du anm\u00e4ler dig som volont\u00e4r senast 20 juli f\u00f6r att vi ska kunna planera och ber\u00e4kna p\u00e5 b\u00e4sta s\u00e4tt, s\u00e5 att du och deltagarna f\u00e5r b\u00e4sta m\u00f6jliga upplevelse.<\/p>\n","are_there_images":false,"answer_images":false},{"question":"Boende","answer":"<p>Boende kommer ske p\u00e5 eller i anslutning till Camp-omr\u00e5det.<br \/>\nBarn- och ungdomsledare sover med deltagarna, medtag egen madrass och sovs\u00e4ck om du sover med ungdomarna.<\/p>\n","are_there_images":false,"answer_images":false},{"question":"Transport","answer":"<p>I anm\u00e4lan kan du boka bussplats, fr\u00e5n och till ett av v\u00e5ra campus, f\u00f6r 300 kronor. Mer info om dagar och avg\u00e5ngar kommer senare.<\/p>\n","are_there_images":false,"answer_images":false},{"question":"S\u00e4kerhet","answer":"<p>Summercamp \u00e4r ett drog- och alkoholfritt l\u00e4ger. Vi har vuxna volont\u00e4rer p\u00e5 l\u00e4gret som ansvarar f\u00f6r deltagarnas s\u00e4kerhet och v\u00e4lm\u00e5ende. Alla volont\u00e4rer ska uppvisa utdrag fr\u00e5n Polisens belastningsregister. {H\u00e4r kan du best\u00e4lla ditt belastningsregister} med bank-ID p\u00e5 mindre \u00e4n 2 minuter.<\/p>\n<p>Har du fr\u00e5gor g\u00e4llande att vara volont\u00e4r p\u00e5 Summercamp, maila till <a href=\"mailto:volunteers@hillsong.se\">volunteers@hillsong.se<\/a><\/p>\n<p>\u00c5terigen, stort tack f\u00f6r att du vill vara med och g\u00f6ra detta till sommarens h\u00f6jdpunkt f\u00f6r s\u00e5 m\u00e5nga barn och ungdomar!<\/p>\n<p>Hillsong Church Sweden<\/p>\n","are_there_images":false,"answer_images":false}]},"yoast_head":"<!-- This site is optimized with the Yoast SEO plugin v27.4 - https:\/\/yoast.com\/product\/yoast-seo-wordpress\/ -->\n<title>Summercamp 26 - Hillsong Sweden<\/title>\n<meta name=\"robots\" content=\"index, follow, max-snippet:-1, max-image-preview:large, max-video-preview:-1\" \/>\n<link rel=\"canonical\" href=\"https:\/\/hillsong.se\/en\/events\/sc26\/\" \/>\n<meta property=\"og:locale\" content=\"en_GB\" \/>\n<meta property=\"og:type\" content=\"article\" \/>\n<meta property=\"og:title\" content=\"Summercamp 26 - Det \u00e4r v\u00e4rt det\" \/>\n<meta property=\"og:description\" content=\"Anm\u00e4lan till \u00e5rets Summercamp \u00e4r \u00f6ppen! Missa inte chansen att h\u00e4nga med p\u00e5 sommarens b\u00e4sta l\u00e4ger \u2013 fullt av Gudsm\u00f6ten, v\u00e4nner och massa roliga aktiviteter du sent kommer att gl\u00f6mma. Vi tror att Gud har n\u00e5got stort planerat f\u00f6r dig p\u00e5 Summercamp!Boka din plats idag till b\u00e4sta pris!\" \/>\n<meta property=\"og:url\" content=\"https:\/\/hillsong.se\/en\/events\/sc26\/\" \/>\n<meta property=\"og:site_name\" content=\"Hillsong Sweden\" \/>\n<meta property=\"article:publisher\" content=\"https:\/\/www.facebook.com\/Hillsongsweden\" \/>\n<meta property=\"article:modified_time\" content=\"2026-04-26T15:03:49+00:00\" \/>\n<meta property=\"og:image\" content=\"https:\/\/cdn.hillsong.se\/wp-content\/uploads\/2026\/04\/SC26_Share.jpg\" \/>\n\t<meta property=\"og:image:width\" content=\"1920\" \/>\n\t<meta property=\"og:image:height\" content=\"1080\" \/>\n\t<meta property=\"og:image:type\" content=\"image\/jpeg\" \/>\n<meta name=\"twitter:card\" content=\"summary_large_image\" \/>\n<meta name=\"twitter:title\" content=\"Summercamp 26 - Det \u00e4r v\u00e4rt det\" \/>\n<meta name=\"twitter:description\" content=\"Anm\u00e4lan till \u00e5rets Summercamp \u00e4r \u00f6ppen! Missa inte chansen att h\u00e4nga med p\u00e5 sommarens b\u00e4sta l\u00e4ger \u2013 fullt av Gudsm\u00f6ten, v\u00e4nner och massa roliga aktiviteter du sent kommer att gl\u00f6mma. Vi tror att Gud har n\u00e5got stort planerat f\u00f6r dig p\u00e5 Summercamp!Boka din plats idag till b\u00e4sta pris!\" \/>\n<meta name=\"twitter:image\" content=\"https:\/\/cdn.hillsong.se\/wp-content\/uploads\/2026\/04\/SC26_Share.jpg\" \/>\n<meta name=\"twitter:label1\" content=\"Estimated reading time\" \/>\n\t<meta name=\"twitter:data1\" content=\"4 minutes\" \/>\n<script type=\"application\/ld+json\" class=\"yoast-schema-graph\">{\"@context\":\"https:\\\/\\\/schema.org\",\"@graph\":[{\"@type\":\"WebPage\",\"@id\":\"https:\\\/\\\/hillsong.se\\\/events\\\/sc26\\\/\",\"url\":\"https:\\\/\\\/hillsong.se\\\/events\\\/sc26\\\/\",\"name\":\"Summercamp 26 - Hillsong Sweden\",\"isPartOf\":{\"@id\":\"https:\\\/\\\/hillsong.se\\\/#website\"},\"datePublished\":\"2026-04-18T10:22:28+00:00\",\"dateModified\":\"2026-04-26T15:03:49+00:00\",\"breadcrumb\":{\"@id\":\"https:\\\/\\\/hillsong.se\\\/events\\\/sc26\\\/#breadcrumb\"},\"inLanguage\":\"en-GB\",\"potentialAction\":[{\"@type\":\"ReadAction\",\"target\":[\"https:\\\/\\\/hillsong.se\\\/events\\\/sc26\\\/\"]}]},{\"@type\":\"BreadcrumbList\",\"@id\":\"https:\\\/\\\/hillsong.se\\\/events\\\/sc26\\\/#breadcrumb\",\"itemListElement\":[{\"@type\":\"ListItem\",\"position\":1,\"name\":\"Home\",\"item\":\"https:\\\/\\\/hillsong.se\\\/\"},{\"@type\":\"ListItem\",\"position\":2,\"name\":\"Events\",\"item\":\"https:\\\/\\\/hillsong.se\\\/events\\\/\"},{\"@type\":\"ListItem\",\"position\":3,\"name\":\"Summercamp 26\"}]},{\"@type\":\"WebSite\",\"@id\":\"https:\\\/\\\/hillsong.se\\\/#website\",\"url\":\"https:\\\/\\\/hillsong.se\\\/\",\"name\":\"Hillsong Sweden\",\"description\":\"Welcome Home\",\"publisher\":{\"@id\":\"https:\\\/\\\/hillsong.se\\\/#organization\"},\"potentialAction\":[{\"@type\":\"SearchAction\",\"target\":{\"@type\":\"EntryPoint\",\"urlTemplate\":\"https:\\\/\\\/hillsong.se\\\/?s={search_term_string}\"},\"query-input\":{\"@type\":\"PropertyValueSpecification\",\"valueRequired\":true,\"valueName\":\"search_term_string\"}}],\"inLanguage\":\"en-GB\"},{\"@type\":\"Organization\",\"@id\":\"https:\\\/\\\/hillsong.se\\\/#organization\",\"name\":\"Hillsong Church Sweden\",\"url\":\"https:\\\/\\\/hillsong.se\\\/\",\"logo\":{\"@type\":\"ImageObject\",\"inLanguage\":\"en-GB\",\"@id\":\"https:\\\/\\\/hillsong.se\\\/#\\\/schema\\\/logo\\\/image\\\/\",\"url\":\"https:\\\/\\\/hillsong.se\\\/wp-content\\\/uploads\\\/2024\\\/05\\\/Hillsong_H_Sweden_S.png\",\"contentUrl\":\"https:\\\/\\\/hillsong.se\\\/wp-content\\\/uploads\\\/2024\\\/05\\\/Hillsong_H_Sweden_S.png\",\"width\":1274,\"height\":532,\"caption\":\"Hillsong Church Sweden\"},\"image\":{\"@id\":\"https:\\\/\\\/hillsong.se\\\/#\\\/schema\\\/logo\\\/image\\\/\"},\"sameAs\":[\"https:\\\/\\\/www.facebook.com\\\/Hillsongsweden\",\"https:\\\/\\\/www.instagram.com\\\/hillsongsweden\\\/\"]}]}<\/script>\n<!-- \/ Yoast SEO plugin. -->","yoast_head_json":{"title":"Summercamp 26 - Hillsong Sweden","robots":{"index":"index","follow":"follow","max-snippet":"max-snippet:-1","max-image-preview":"max-image-preview:large","max-video-preview":"max-video-preview:-1"},"canonical":"https:\/\/hillsong.se\/en\/events\/sc26\/","og_locale":"en_GB","og_type":"article","og_title":"Summercamp 26 - Det \u00e4r v\u00e4rt det","og_description":"Anm\u00e4lan till \u00e5rets Summercamp \u00e4r \u00f6ppen! Missa inte chansen att h\u00e4nga med p\u00e5 sommarens b\u00e4sta l\u00e4ger \u2013 fullt av Gudsm\u00f6ten, v\u00e4nner och massa roliga aktiviteter du sent kommer att gl\u00f6mma. Vi tror att Gud har n\u00e5got stort planerat f\u00f6r dig p\u00e5 Summercamp!Boka din plats idag till b\u00e4sta pris!","og_url":"https:\/\/hillsong.se\/en\/events\/sc26\/","og_site_name":"Hillsong Sweden","article_publisher":"https:\/\/www.facebook.com\/Hillsongsweden","article_modified_time":"2026-04-26T15:03:49+00:00","og_image":[{"width":1920,"height":1080,"url":"https:\/\/cdn.hillsong.se\/wp-content\/uploads\/2026\/04\/SC26_Share.jpg","type":"image\/jpeg"}],"twitter_card":"summary_large_image","twitter_title":"Summercamp 26 - Det \u00e4r v\u00e4rt det","twitter_description":"Anm\u00e4lan till \u00e5rets Summercamp \u00e4r \u00f6ppen! Missa inte chansen att h\u00e4nga med p\u00e5 sommarens b\u00e4sta l\u00e4ger \u2013 fullt av Gudsm\u00f6ten, v\u00e4nner och massa roliga aktiviteter du sent kommer att gl\u00f6mma. Vi tror att Gud har n\u00e5got stort planerat f\u00f6r dig p\u00e5 Summercamp!Boka din plats idag till b\u00e4sta pris!","twitter_image":"https:\/\/cdn.hillsong.se\/wp-content\/uploads\/2026\/04\/SC26_Share.jpg","twitter_misc":{"Estimated reading time":"4 minutes"},"schema":{"@context":"https:\/\/schema.org","@graph":[{"@type":"WebPage","@id":"https:\/\/hillsong.se\/events\/sc26\/","url":"https:\/\/hillsong.se\/events\/sc26\/","name":"Summercamp 26 - Hillsong Sweden","isPartOf":{"@id":"https:\/\/hillsong.se\/#website"},"datePublished":"2026-04-18T10:22:28+00:00","dateModified":"2026-04-26T15:03:49+00:00","breadcrumb":{"@id":"https:\/\/hillsong.se\/events\/sc26\/#breadcrumb"},"inLanguage":"en-GB","potentialAction":[{"@type":"ReadAction","target":["https:\/\/hillsong.se\/events\/sc26\/"]}]},{"@type":"BreadcrumbList","@id":"https:\/\/hillsong.se\/events\/sc26\/#breadcrumb","itemListElement":[{"@type":"ListItem","position":1,"name":"Home","item":"https:\/\/hillsong.se\/"},{"@type":"ListItem","position":2,"name":"Events","item":"https:\/\/hillsong.se\/events\/"},{"@type":"ListItem","position":3,"name":"Summercamp 26"}]},{"@type":"WebSite","@id":"https:\/\/hillsong.se\/#website","url":"https:\/\/hillsong.se\/","name":"Hillsong Sweden","description":"Welcome Home","publisher":{"@id":"https:\/\/hillsong.se\/#organization"},"potentialAction":[{"@type":"SearchAction","target":{"@type":"EntryPoint","urlTemplate":"https:\/\/hillsong.se\/?s={search_term_string}"},"query-input":{"@type":"PropertyValueSpecification","valueRequired":true,"valueName":"search_term_string"}}],"inLanguage":"en-GB"},{"@type":"Organization","@id":"https:\/\/hillsong.se\/#organization","name":"Hillsong Church Sweden","url":"https:\/\/hillsong.se\/","logo":{"@type":"ImageObject","inLanguage":"en-GB","@id":"https:\/\/hillsong.se\/#\/schema\/logo\/image\/","url":"https:\/\/hillsong.se\/wp-content\/uploads\/2024\/05\/Hillsong_H_Sweden_S.png","contentUrl":"https:\/\/hillsong.se\/wp-content\/uploads\/2024\/05\/Hillsong_H_Sweden_S.png","width":1274,"height":532,"caption":"Hillsong Church Sweden"},"image":{"@id":"https:\/\/hillsong.se\/#\/schema\/logo\/image\/"},"sameAs":["https:\/\/www.facebook.com\/Hillsongsweden","https:\/\/www.instagram.com\/hillsongsweden\/"]}]}},"_links":{"self":[{"href":"https:\/\/hillsong.se\/en\/wp-json\/wp\/v2\/pages\/8943","targetHints":{"allow":["GET"]}}],"collection":[{"href":"https:\/\/hillsong.se\/en\/wp-json\/wp\/v2\/pages"}],"about":[{"href":"https:\/\/hillsong.se\/en\/wp-json\/wp\/v2\/types\/page"}],"author":[{"embeddable":true,"href":"https:\/\/hillsong.se\/en\/wp-json\/wp\/v2\/users\/1"}],"replies":[{"embeddable":true,"href":"https:\/\/hillsong.se\/en\/wp-json\/wp\/v2\/comments?post=8943"}],"version-history":[{"count":95,"href":"https:\/\/hillsong.se\/en\/wp-json\/wp\/v2\/pages\/8943\/revisions"}],"predecessor-version":[{"id":9230,"href":"https:\/\/hillsong.se\/en\/wp-json\/wp\/v2\/pages\/8943\/revisions\/9230"}],"up":[{"embeddable":true,"href":"https:\/\/hillsong.se\/en\/wp-json\/wp\/v2\/pages\/4075"}],"wp:attachment":[{"href":"https:\/\/hillsong.se\/en\/wp-json\/wp\/v2\/media?parent=8943"}],"curies":[{"name":"wp","href":"https:\/\/api.w.org\/{rel}","templated":true}]}}